{"id":8821,"date":"2021-03-05T20:01:57","date_gmt":"2021-03-05T19:01:57","guid":{"rendered":"https:\/\/principatmotors.com\/politica-de-privacidad\/"},"modified":"2024-09-25T15:45:55","modified_gmt":"2024-09-25T13:45:55","slug":"politica-de-privacidad","status":"publish","type":"page","link":"https:\/\/principatmotors.com\/es\/politica-de-privacidad\/","title":{"rendered":"Pol\u00edtica de privacidad"},"content":{"rendered":"\n<div style=\"height:100px\" aria-hidden=\"true\" class=\"wp-block-spacer spacer v3\"><\/div>\n\n<h1 class=\"wp-block-heading\">Pol\u00edtica de privacidad<\/h1>\n\n<h2 class=\"wp-block-heading\">\u00bfQui\u00e9nes somos?<\/h2>\n\n<p>La direcci\u00f3n de nuestro sitio web es https:\/\/principatmotors.com.<\/p>\n\n<h3 class=\"wp-block-heading\">\n          <strong>Dise\u00f1o y producci\u00f3n<\/strong>\n        <\/h3>\n\n<p>El sitio web fue dise\u00f1ado y producido por <a href=\"https:\/\/atelierweb.io\/\" class=\"rank-math-link\" target=\"_blank\" rel=\"noopener\">Atelier Web<\/a><\/p>\n\n<h2 class=\"wp-block-heading\">Uso de los datos personales recogidos<\/h2>\n\n<h3 class=\"wp-block-heading\">Comentarios<\/h3>\n\n<p>Cuando deja un comentario en nuestro sitio web, se recogen los datos introducidos en el formulario de comentarios, su direcci\u00f3n IP y el agente de usuario de su navegador para ayudarnos a detectar comentarios no deseados.<\/p>\n\n<p>Se puede enviar al servicio Gravatar una cadena an\u00f3nima creada a partir de su direcci\u00f3n de correo electr\u00f3nico (tambi\u00e9n conocida como hash) para comprobar si la est\u00e1 utilizando. Las cl\u00e1usulas de confidencialidad del servicio Gravatar est\u00e1n disponibles aqu\u00ed: https:\/\/automattic.com\/privacy\/. Una vez validado tu comentario, tu foto de perfil ser\u00e1 visible p\u00fablicamente junto a tu comentario. <\/p>\n\n<h3 class=\"wp-block-heading\">M\u00e9dias<\/h3>\n\n<p>Si eres un usuario registrado y subes im\u00e1genes al sitio web, te aconsejamos que evites subir im\u00e1genes que contengan datos EXIF de coordenadas GPS. Los visitantes de tu sitio web pueden descargar y extraer datos de localizaci\u00f3n de estas im\u00e1genes. <\/p>\n\n<h3 class=\"wp-block-heading\">Cookies<\/h3>\n\n<p>Si deja un comentario en nuestro sitio, se le pedir\u00e1 que guarde su nombre, direcci\u00f3n de correo electr\u00f3nico y sitio web en cookies. Esto es puramente para su comodidad, para que no tenga que introducir esta informaci\u00f3n si deja otro comentario en una fecha posterior. Estas cookies caducan al cabo de un a\u00f1o.  <\/p>\n\n<p>Si tiene una cuenta y se conecta a este sitio, se crear\u00e1 una cookie temporal para determinar si su navegador acepta cookies. No contiene ning\u00fan dato personal y se borrar\u00e1 autom\u00e1ticamente cuando cierre el navegador. <\/p>\n\n<p>Cuando se conecte, instalaremos una serie de cookies para registrar su informaci\u00f3n de conexi\u00f3n y sus preferencias de pantalla. La vida \u00fatil de una cookie de conexi\u00f3n es de dos d\u00edas, la de una cookie de opci\u00f3n de pantalla es de un a\u00f1o. Si marca \u00abRecordarme\u00bb, la cookie de conexi\u00f3n se conservar\u00e1 durante quince d\u00edas. Si sale de su cuenta, se borrar\u00e1 la cookie de conexi\u00f3n.   <\/p>\n\n<p>Al modificar o publicar una publicaci\u00f3n, se almacenar\u00e1 una cookie adicional en su navegador. Esta cookie no contiene ning\u00fan dato personal. Simplemente indica el ID de la publicaci\u00f3n que acaba de modificar. Caduca al cabo de un d\u00eda.   <\/p>\n\n<h3 class=\"wp-block-heading\">Contenido incrustado de otros sitios<\/h3>\n\n<p>Los art\u00edculos de este sitio pueden incluir contenido incrustado (por ejemplo, v\u00eddeos, im\u00e1genes, art\u00edculos, etc.). El contenido incrustado de otros sitios se comporta de la misma manera que si el visitante estuviera visitando ese otro sitio. <\/p>\n\n<p>Estos sitios web pueden recopilar datos sobre usted, utilizar cookies, incrustar herramientas de seguimiento de terceros y rastrear sus interacciones con este contenido incrustado si tiene una cuenta iniciada en su sitio web.<\/p>\n\n<h2 class=\"wp-block-heading\">Uso y transmisi\u00f3n de sus datos personales<\/h2>\n\n<h3 class=\"wp-block-heading\">Per\u00edodos de almacenamiento de sus datos<\/h3>\n\n<p>Si deja un comentario, el comentario y sus metadatos se conservan indefinidamente. Esto permite que los comentarios posteriores se reconozcan y aprueben autom\u00e1ticamente en lugar de quedarse en la cola de moderaci\u00f3n. <\/p>\n\n<p>Para los usuarios que se registran en nuestro sitio (cuando es posible), tambi\u00e9n almacenamos los datos personales indicados en su perfil. Todos los usuarios pueden ver, modificar o borrar su informaci\u00f3n personal en cualquier momento (a excepci\u00f3n de su nombre de usuario). Los administradores del sitio tambi\u00e9n pueden ver y modificar esta informaci\u00f3n.  <\/p>\n\n<h3 class=\"wp-block-heading\">Los derechos que tiene sobre sus datos<\/h3>\n\n<p>Si tiene una cuenta o ha dejado comentarios en el sitio, puede solicitar que le enviemos un archivo con todos los datos personales que tenemos sobre usted, incluidos los que nos ha facilitado. Tambi\u00e9n puede solicitar la supresi\u00f3n de sus datos personales. Esto no incluye los datos almacenados con fines administrativos, legales o de seguridad.  <\/p>\n\n<h3 class=\"wp-block-heading\">Transmisi\u00f3n de sus datos personales<\/h3>\n\n<p>Los comentarios de los visitantes pueden comprobarse mediante un servicio automatizado para detectar comentarios no deseados.<\/p>\n","protected":false},"excerpt":{"rendered":"<p>Pol\u00edtica de privacidad \u00bfQui\u00e9nes somos? La direcci\u00f3n de nuestro sitio web es https:\/\/principatmotors.com. Dise\u00f1o y producci\u00f3n El sitio web fue dise\u00f1ado y producido por Atelier Web Uso de los datos personales recogidos Comentarios Cuando deja un comentario en nuestro sitio web, se recogen los datos introducidos en el formulario de comentarios, su direcci\u00f3n IP y [&hellip;]<\/p>\n","protected":false},"author":1,"featured_media":0,"parent":0,"menu_order":0,"comment_status":"closed","ping_status":"closed","template":"","meta":{"rank_math_lock_modified_date":false,"footnotes":""},"_links":{"self":[{"href":"https:\/\/principatmotors.com\/es\/wp-json\/wp\/v2\/pages\/8821"}],"collection":[{"href":"https:\/\/principatmotors.com\/es\/wp-json\/wp\/v2\/pages"}],"about":[{"href":"https:\/\/principatmotors.com\/es\/wp-json\/wp\/v2\/types\/page"}],"author":[{"embeddable":true,"href":"https:\/\/principatmotors.com\/es\/wp-json\/wp\/v2\/users\/1"}],"replies":[{"embeddable":true,"href":"https:\/\/principatmotors.com\/es\/wp-json\/wp\/v2\/comments?post=8821"}],"version-history":[{"count":1,"href":"https:\/\/principatmotors.com\/es\/wp-json\/wp\/v2\/pages\/8821\/revisions"}],"predecessor-version":[{"id":8822,"href":"https:\/\/principatmotors.com\/es\/wp-json\/wp\/v2\/pages\/8821\/revisions\/8822"}],"wp:attachment":[{"href":"https:\/\/principatmotors.com\/es\/wp-json\/wp\/v2\/media?parent=8821"}],"curies":[{"name":"wp","href":"https:\/\/api.w.org\/{rel}","templated":true}]}}